{"id":575,"date":"2018-02-13T14:09:41","date_gmt":"2018-02-13T14:09:41","guid":{"rendered":"http:\/\/www.wildigarten.ch\/cms\/?page_id=575"},"modified":"2018-12-17T13:41:53","modified_gmt":"2018-12-17T13:41:53","slug":"gartenumaenderungen","status":"publish","type":"page","link":"https:\/\/www.wildigarten.ch\/cms\/gartenumaenderungen\/","title":{"rendered":"Umgebungsgestaltung"},"content":{"rendered":"<h2 style=\"text-align: center;\"><strong>Ver\u00e4nderung bereichert das Leben<\/strong><\/h2>\n<p>Die Umgestaltung eines Gartens oder Teilen davon bietet die perfekte Gelegenheit Ideen und Bed\u00fcrfnisse in die Tat umzusetzen.<br \/>\nOb Rasen, Gartenbepflanzung, Gef\u00e4sse, Steing\u00e4rten, Wege, Pl\u00e4tze, Z\u00e4une oder Sichtschutz. Wir unterst\u00fctzen Sie bei Ihren Entscheidungen und setzen diese f\u00fcr Sie um.<\/p>\n","protected":false},"excerpt":{"rendered":"<p>Ver\u00e4nderung bereichert das Leben Die Umgestaltung eines Gartens oder Teilen davon bietet die perfekte Gelegenheit Ideen und Bed\u00fcrfnisse in die Tat umzusetzen. Ob Rasen, Gartenbepflanzung, Gef\u00e4sse, Steing\u00e4rten, Wege, Pl\u00e4tze, Z\u00e4une oder Sichtschutz. Wir unterst\u00fctzen Sie bei Ihren Entscheidungen und setzen diese f\u00fcr Sie um.<\/p>\n","protected":false},"author":1,"featured_media":793,"parent":0,"menu_order":0,"comment_status":"closed","ping_status":"closed","template":"","meta":{"footnotes":""},"_links":{"self":[{"href":"https:\/\/www.wildigarten.ch\/cms\/wp-json\/wp\/v2\/pages\/575"}],"collection":[{"href":"https:\/\/www.wildigarten.ch\/cms\/wp-json\/wp\/v2\/pages"}],"about":[{"href":"https:\/\/www.wildigarten.ch\/cms\/wp-json\/wp\/v2\/types\/page"}],"author":[{"embeddable":true,"href":"https:\/\/www.wildigarten.ch\/cms\/wp-json\/wp\/v2\/users\/1"}],"replies":[{"embeddable":true,"href":"https:\/\/www.wildigarten.ch\/cms\/wp-json\/wp\/v2\/comments?post=575"}],"version-history":[{"count":3,"href":"https:\/\/www.wildigarten.ch\/cms\/wp-json\/wp\/v2\/pages\/575\/revisions"}],"predecessor-version":[{"id":580,"href":"https:\/\/www.wildigarten.ch\/cms\/wp-json\/wp\/v2\/pages\/575\/revisions\/580"}],"wp:featuredmedia":[{"embeddable":true,"href":"https:\/\/www.wildigarten.ch\/cms\/wp-json\/wp\/v2\/media\/793"}],"wp:attachment":[{"href":"https:\/\/www.wildigarten.ch\/cms\/wp-json\/wp\/v2\/media?parent=575"}],"curies":[{"name":"wp","href":"https:\/\/api.w.org\/{rel}","templated":true}]}}