{"id":566,"date":"2018-02-13T13:39:21","date_gmt":"2018-02-13T13:39:21","guid":{"rendered":"http:\/\/www.wildigarten.ch\/cms\/?page_id=566"},"modified":"2020-06-29T15:06:36","modified_gmt":"2020-06-29T15:06:36","slug":"rasenpflege","status":"publish","type":"page","link":"https:\/\/www.wildigarten.ch\/cms\/rasenpflege\/","title":{"rendered":"Rasenpflege"},"content":{"rendered":"<h2 style=\"text-align: center;\"><strong>Der lebende Teppich im Aussenwohnraum<\/strong><span style=\"color: #ff0000;\">\u00a0<\/span><\/h2>\n<p>\u00dcberlassen Sie die Pflege Ihres Rasens dem Fachmann und geniessen Sie Ihre Freizeit im Garten.<br \/>\nEin Rasen braucht Pflege!<br \/>\nOb Unkrautbek\u00e4mpfung, Pilzschutz, Verticutieren, Aerifizieren, Neu- und Nachsaat, Unebenheiten korrigieren, D\u00fcngung oder Schnitt. Wir k\u00fcmmern uns darum und begleiten Ihren Rasen durch die ganze Saison.<\/p>\n<div class=\"tempo-gallery tempo-gallery-colls-3\"><figure class=\"tempo-gallery-item\"><div class=\"tempo-gallery-thumbnail\"><picture><source media=\"(min-width: 1690px)\"\tsrcset=\"https:\/\/www.wildigarten.ch\/cms\/wp-content\/uploads\/2018\/09\/Rasenpflege1-420x240.jpg\"><source media=\"(min-width: 481px)\"\t\tsrcset=\"https:\/\/www.wildigarten.ch\/cms\/wp-content\/uploads\/2018\/09\/Rasenpflege1-315x180.jpg\"><source media=\"(min-width: 316px)\"\t\tsrcset=\"https:\/\/www.wildigarten.ch\/cms\/wp-content\/uploads\/2018\/09\/Rasenpflege1-420x240.jpg\"><source media=\"(min-width: 1px)\"\t\tsrcset=\"https:\/\/www.wildigarten.ch\/cms\/wp-content\/uploads\/2018\/09\/Rasenpflege1-315x180.jpg\"><img decoding=\"async\" src=\"https:\/\/www.wildigarten.ch\/cms\/wp-content\/uploads\/2018\/09\/Rasenpflege1-420x240.jpg\" alt=\"Rasenpflege\"\/><\/picture><\/div><figcaption><div class=\"tempo-gallery-content\"><div class=\"tempo-gallery-title\">Rasenpflege<\/div><\/div><\/figcaption><\/figure><figure class=\"tempo-gallery-item\"><div class=\"tempo-gallery-thumbnail\"><picture><source media=\"(min-width: 1690px)\"\tsrcset=\"https:\/\/www.wildigarten.ch\/cms\/wp-content\/uploads\/2018\/09\/Rasenpflege3-420x240.jpg\"><source media=\"(min-width: 481px)\"\t\tsrcset=\"https:\/\/www.wildigarten.ch\/cms\/wp-content\/uploads\/2018\/09\/Rasenpflege3-315x180.jpg\"><source media=\"(min-width: 316px)\"\t\tsrcset=\"https:\/\/www.wildigarten.ch\/cms\/wp-content\/uploads\/2018\/09\/Rasenpflege3-420x240.jpg\"><source media=\"(min-width: 1px)\"\t\tsrcset=\"https:\/\/www.wildigarten.ch\/cms\/wp-content\/uploads\/2018\/09\/Rasenpflege3-315x180.jpg\"><img decoding=\"async\" src=\"https:\/\/www.wildigarten.ch\/cms\/wp-content\/uploads\/2018\/09\/Rasenpflege3-420x240.jpg\" alt=\"Rasenpflege\"\/><\/picture><\/div><figcaption><div class=\"tempo-gallery-content\"><div class=\"tempo-gallery-title\">Rasenpflege<\/div><\/div><\/figcaption><\/figure><figure class=\"tempo-gallery-item\"><div class=\"tempo-gallery-thumbnail\"><picture><source media=\"(min-width: 1690px)\"\tsrcset=\"https:\/\/www.wildigarten.ch\/cms\/wp-content\/uploads\/2018\/02\/DSC05058_rollrasen-420x240.jpg\"><source media=\"(min-width: 481px)\"\t\tsrcset=\"https:\/\/www.wildigarten.ch\/cms\/wp-content\/uploads\/2018\/02\/DSC05058_rollrasen-315x180.jpg\"><source media=\"(min-width: 316px)\"\t\tsrcset=\"https:\/\/www.wildigarten.ch\/cms\/wp-content\/uploads\/2018\/02\/DSC05058_rollrasen-420x240.jpg\"><source media=\"(min-width: 1px)\"\t\tsrcset=\"https:\/\/www.wildigarten.ch\/cms\/wp-content\/uploads\/2018\/02\/DSC05058_rollrasen-315x180.jpg\"><img decoding=\"async\" src=\"https:\/\/www.wildigarten.ch\/cms\/wp-content\/uploads\/2018\/02\/DSC05058_rollrasen-420x240.jpg\" alt=\"Rollrasen\"\/><\/picture><\/div><figcaption><div class=\"tempo-gallery-content\"><div class=\"tempo-gallery-title\">Rollrasen<\/div><\/div><\/figcaption><\/figure><div class=\"clearfix clear\"><\/div><\/div>\n","protected":false},"excerpt":{"rendered":"<p>Der lebende Teppich im Aussenwohnraum\u00a0 \u00dcberlassen Sie die Pflege Ihres Rasens dem Fachmann und geniessen Sie Ihre Freizeit im Garten. Ein Rasen braucht Pflege! Ob Unkrautbek\u00e4mpfung, Pilzschutz, Verticutieren, Aerifizieren, Neu- und Nachsaat, Unebenheiten korrigieren, D\u00fcngung oder Schnitt. Wir k\u00fcmmern uns darum und begleiten Ihren Rasen durch die ganze Saison.<\/p>\n","protected":false},"author":1,"featured_media":747,"parent":0,"menu_order":0,"comment_status":"closed","ping_status":"closed","template":"","meta":{"footnotes":""},"_links":{"self":[{"href":"https:\/\/www.wildigarten.ch\/cms\/wp-json\/wp\/v2\/pages\/566"}],"collection":[{"href":"https:\/\/www.wildigarten.ch\/cms\/wp-json\/wp\/v2\/pages"}],"about":[{"href":"https:\/\/www.wildigarten.ch\/cms\/wp-json\/wp\/v2\/types\/page"}],"author":[{"embeddable":true,"href":"https:\/\/www.wildigarten.ch\/cms\/wp-json\/wp\/v2\/users\/1"}],"replies":[{"embeddable":true,"href":"https:\/\/www.wildigarten.ch\/cms\/wp-json\/wp\/v2\/comments?post=566"}],"version-history":[{"count":7,"href":"https:\/\/www.wildigarten.ch\/cms\/wp-json\/wp\/v2\/pages\/566\/revisions"}],"predecessor-version":[{"id":939,"href":"https:\/\/www.wildigarten.ch\/cms\/wp-json\/wp\/v2\/pages\/566\/revisions\/939"}],"wp:featuredmedia":[{"embeddable":true,"href":"https:\/\/www.wildigarten.ch\/cms\/wp-json\/wp\/v2\/media\/747"}],"wp:attachment":[{"href":"https:\/\/www.wildigarten.ch\/cms\/wp-json\/wp\/v2\/media?parent=566"}],"curies":[{"name":"wp","href":"https:\/\/api.w.org\/{rel}","templated":true}]}}