{"id":562,"date":"2018-02-13T13:35:12","date_gmt":"2018-02-13T13:35:12","guid":{"rendered":"http:\/\/www.wildigarten.ch\/cms\/?page_id=562"},"modified":"2019-03-15T14:00:16","modified_gmt":"2019-03-15T14:00:16","slug":"buchsbaumzuensler","status":"publish","type":"page","link":"https:\/\/www.wildigarten.ch\/cms\/buchsbaumzuensler\/","title":{"rendered":"Buchsbaumz\u00fcnsler"},"content":{"rendered":"<h2 style=\"text-align: center;\"><strong>Umgang mit der beliebten Gartenpflanze im Wandel der Zeit<\/strong><\/h2>\n<p>Der Buchsbaumz\u00fcnsler hat sich seit 2010 stark ausgebreitet. Mit steigenden Temperaturen ab M\u00e4rz\/April wird der Buchsbaumz\u00fcnsler wieder aktiv. Kontrollieren Sie deshalb ihre Buchspflanzen regelm\u00e4ssig.<br \/>\nWir bieten biologische und konventionelle Bek\u00e4mpfungsmethoden an.<br \/>\nUm das j\u00e4hrlich mehrfache Ausbringen von Pflanzenschutzmitteln auf Buchse m\u00f6glichst zu reduzieren, empfehlen wir kleinere, nicht sch\u00fctzenswerte Best\u00e4nde und Einzelpflanzen durch andere Geh\u00f6lze zu ersetzen. Wir haben Pflanzen im Angebot, welche wie Buchse aussehen, sich genauso schneiden lassen und nicht vom Z\u00fcnsler befallen werden.<br \/>\nDer Buchsbaumz\u00fcnsler sollte fachm\u00e4nnisch bek\u00e4mpft werden. Wir behandeln befallene Pflanzen (auch grosse Best\u00e4nde) mit moderner Spr\u00fchtechnik und beraten Sie gerne im Umgang mit der schwierigen Situation.<\/p>\n","protected":false},"excerpt":{"rendered":"<p>Umgang mit der beliebten Gartenpflanze im Wandel der Zeit Der Buchsbaumz\u00fcnsler hat sich seit 2010 stark ausgebreitet. Mit steigenden Temperaturen ab M\u00e4rz\/April wird der Buchsbaumz\u00fcnsler wieder aktiv. Kontrollieren Sie deshalb ihre Buchspflanzen regelm\u00e4ssig. Wir bieten biologische und konventionelle Bek\u00e4mpfungsmethoden an. Um das j\u00e4hrlich mehrfache Ausbringen von Pflanzenschutzmitteln auf Buchse m\u00f6glichst zu reduzieren, empfehlen wir kleinere, [&hellip;]<\/p>\n","protected":false},"author":1,"featured_media":585,"parent":0,"menu_order":0,"comment_status":"closed","ping_status":"closed","template":"","meta":{"footnotes":""},"_links":{"self":[{"href":"https:\/\/www.wildigarten.ch\/cms\/wp-json\/wp\/v2\/pages\/562"}],"collection":[{"href":"https:\/\/www.wildigarten.ch\/cms\/wp-json\/wp\/v2\/pages"}],"about":[{"href":"https:\/\/www.wildigarten.ch\/cms\/wp-json\/wp\/v2\/types\/page"}],"author":[{"embeddable":true,"href":"https:\/\/www.wildigarten.ch\/cms\/wp-json\/wp\/v2\/users\/1"}],"replies":[{"embeddable":true,"href":"https:\/\/www.wildigarten.ch\/cms\/wp-json\/wp\/v2\/comments?post=562"}],"version-history":[{"count":6,"href":"https:\/\/www.wildigarten.ch\/cms\/wp-json\/wp\/v2\/pages\/562\/revisions"}],"predecessor-version":[{"id":815,"href":"https:\/\/www.wildigarten.ch\/cms\/wp-json\/wp\/v2\/pages\/562\/revisions\/815"}],"wp:featuredmedia":[{"embeddable":true,"href":"https:\/\/www.wildigarten.ch\/cms\/wp-json\/wp\/v2\/media\/585"}],"wp:attachment":[{"href":"https:\/\/www.wildigarten.ch\/cms\/wp-json\/wp\/v2\/media?parent=562"}],"curies":[{"name":"wp","href":"https:\/\/api.w.org\/{rel}","templated":true}]}}