{"id":190,"date":"2017-12-28T12:28:09","date_gmt":"2017-12-28T12:28:09","guid":{"rendered":"http:\/\/www.wildigarten.ch\/cms\/?page_id=190"},"modified":"2019-10-02T11:06:24","modified_gmt":"2019-10-02T11:06:24","slug":"herbstarbeiten","status":"publish","type":"page","link":"https:\/\/www.wildigarten.ch\/cms\/herbstarbeiten\/","title":{"rendered":"Herbstarbeiten"},"content":{"rendered":"<h2 style=\"text-align: center;\"><strong>Die Herbstpflege definiert den Fr\u00fchlingsstart<\/strong><\/h2>\n<p class=\"p1\"><span class=\"s1\">Der Herbst ist da und mit ihm die anfallenden Gartenarbeiten. H\u00f6chste Zeit noch ungeschnittene Hecken in Form zu bringen, Stauden und Rosen zu schneiden und die Rabatten zu pflegen. Mit Ast- und Laubhaufen an geeigneten Orten k\u00f6nnen Winterquartiere f\u00fcr Igel &amp; Co. geschaffen werden. Ob naturnahe oder konventionell, wir beraten Sie gerne und setzen die getroffenen Massnahmen f\u00fcr Sie um.<\/span><\/p>\n<p class=\"p1\"><span class=\"s1\"> Ein Entlastungsschnitt sch\u00fctzt Ihre Geh\u00f6lze vor Schneebruchsch\u00e4den.<br \/>\nPlanen Sie bei der Gelegenheit mit uns den fachm\u00e4nnischen Winterschnitt an B\u00e4umen und Str\u00e4uchern. In gepflegter Erscheinung startet Ihr Garten so in die neue Saison und erfreut mit Formen und Farben. <\/span><span class=\"s1\"><br \/>\nWo sinnvoll und m\u00f6glich arbeiten wir mit&nbsp;akkubetriebenen Maschinen. Somit lassen sich die L\u00e4rmemissionen auf ein Minimum reduzieren. Hierzu verf\u00fcgen wir \u00fcber das modernste und leistungsst\u00e4rkste Akkusystem.<\/span><\/p>\n","protected":false},"excerpt":{"rendered":"<p>Die Herbstpflege definiert den Fr\u00fchlingsstart Der Herbst ist da und mit ihm die anfallenden Gartenarbeiten. H\u00f6chste Zeit noch ungeschnittene Hecken in Form zu bringen, Stauden und Rosen zu schneiden und die Rabatten zu pflegen. Mit Ast- und Laubhaufen an geeigneten Orten k\u00f6nnen Winterquartiere f\u00fcr Igel &amp; Co. geschaffen werden. Ob naturnahe oder konventionell, wir beraten [&hellip;]<\/p>\n","protected":false},"author":1,"featured_media":874,"parent":0,"menu_order":0,"comment_status":"closed","ping_status":"closed","template":"","meta":{"footnotes":""},"_links":{"self":[{"href":"https:\/\/www.wildigarten.ch\/cms\/wp-json\/wp\/v2\/pages\/190"}],"collection":[{"href":"https:\/\/www.wildigarten.ch\/cms\/wp-json\/wp\/v2\/pages"}],"about":[{"href":"https:\/\/www.wildigarten.ch\/cms\/wp-json\/wp\/v2\/types\/page"}],"author":[{"embeddable":true,"href":"https:\/\/www.wildigarten.ch\/cms\/wp-json\/wp\/v2\/users\/1"}],"replies":[{"embeddable":true,"href":"https:\/\/www.wildigarten.ch\/cms\/wp-json\/wp\/v2\/comments?post=190"}],"version-history":[{"count":8,"href":"https:\/\/www.wildigarten.ch\/cms\/wp-json\/wp\/v2\/pages\/190\/revisions"}],"predecessor-version":[{"id":897,"href":"https:\/\/www.wildigarten.ch\/cms\/wp-json\/wp\/v2\/pages\/190\/revisions\/897"}],"wp:featuredmedia":[{"embeddable":true,"href":"https:\/\/www.wildigarten.ch\/cms\/wp-json\/wp\/v2\/media\/874"}],"wp:attachment":[{"href":"https:\/\/www.wildigarten.ch\/cms\/wp-json\/wp\/v2\/media?parent=190"}],"curies":[{"name":"wp","href":"https:\/\/api.w.org\/{rel}","templated":true}]}}