{"id":188,"date":"2017-12-28T12:27:54","date_gmt":"2017-12-28T12:27:54","guid":{"rendered":"http:\/\/www.wildigarten.ch\/cms\/?page_id=188"},"modified":"2023-09-04T09:46:04","modified_gmt":"2023-09-04T09:46:04","slug":"gebietsfremde-pflanzen","status":"publish","type":"page","link":"https:\/\/www.wildigarten.ch\/cms\/gebietsfremde-pflanzen\/","title":{"rendered":"\u00d6kologie"},"content":{"rendered":"<h3 style=\"text-align: center;\"><strong>G\u00e4rten nachhaltig ausrichten<\/strong><\/h3>\n<p><strong>Biologie; die Lehre vom Leben. Biodiversit\u00e4t; die Vielfalt des lebendigen:<\/strong><br \/>\nOb Nischen, Bereiche oder ganze G\u00e4rten, \u00fcberall l\u00e4sst sich ein Beitrag leisten. Gerade bei Neubepflanzungen kann die Biodiversit\u00e4t gef\u00f6rdert werden.<br \/>\nVogeln\u00e4hrgeh\u00f6lze, Bienenweiden und Schmetterlingsbl\u00fctler bereichern den Garten.<br \/>\nGerne unterst\u00fctzen wir Sie mit unserem Wissen bei Ihren Entscheidungen und setzen diese f\u00fcr Sie um. N\u00e4he zur Natur und ein gepflegtes Erscheinungsbild lassen sich durchaus vereinen.<\/p>\n<p><strong>Pflanzenschutz:<\/strong><br \/>\nSeit Beginn unserer T\u00e4tigkeit wenden wir Pflanzenschutzmittel auf ein Minimum reduziert an, mit dem Ziel in naher Zukunft g\u00e4nzlich darauf verzichten zu k\u00f6nnen. Wo m\u00f6glich und sinnvoll verwenden wir Mittel biologischen Ursprungs. So haben wir das umstrittene Glyphosat schon l\u00e4nger durch ein Herbizid auf der Basis von nat\u00fcrlichen S\u00e4uren ersetzt, welche sich schnell abbauen und die Gew\u00e4sser nicht belasten.<br \/>\nWichtiger als Pflanzenschutzmittel biologischen Ursprungs ist uns aber deren m\u00f6glichst geringer Einsatz. So verwenden wir z.B. robuste Rosensorten, welche keinen Pflanzenschutz ben\u00f6tigen. Auch f\u00fcr den pflanzenschutzintensiven Buchsbaum gibt es attraktive Ersatzpflanzen. Durch standortgerechte Verwendung mit entsprechenden Arten und Sorten kann g\u00e4nzlich auf Pflanzenschutzmittel verzichtet werden. Fragen Sie uns, wir beraten Sie gerne.<\/p>\n<p><strong>Invasive Neophyten:<\/strong><br \/>\nGebietsfremde Pflanzen (invasive Neophyten) werden zunehmend zum Problem. Sie verdr\u00e4ngen f\u00fcr das \u00d6kosystem wichtige einheimische Arten und breiten sich oft ungehindert aus. Ob komplettes entfernen mit geeignetem Ersatz oder Verhinderung der Ausbreitung durch abgestimmte Massnahmen zur entsprechenden Zeit: Wir beraten Sie im Umgang mit Problempflanzen und setzen die n\u00f6tigen Massnahmen f\u00fcr Sie um.<\/p>\n<p><span class=\"s1\">\u00a0<\/span><\/p>\n","protected":false},"excerpt":{"rendered":"<p>G\u00e4rten nachhaltig ausrichten Biologie; die Lehre vom Leben. Biodiversit\u00e4t; die Vielfalt des lebendigen: Ob Nischen, Bereiche oder ganze G\u00e4rten, \u00fcberall l\u00e4sst sich ein Beitrag leisten. Gerade bei Neubepflanzungen kann die Biodiversit\u00e4t gef\u00f6rdert werden. Vogeln\u00e4hrgeh\u00f6lze, Bienenweiden und Schmetterlingsbl\u00fctler bereichern den Garten. Gerne unterst\u00fctzen wir Sie mit unserem Wissen bei Ihren Entscheidungen und setzen diese f\u00fcr Sie [&hellip;]<\/p>\n","protected":false},"author":1,"featured_media":882,"parent":0,"menu_order":0,"comment_status":"closed","ping_status":"closed","template":"","meta":{"footnotes":""},"_links":{"self":[{"href":"https:\/\/www.wildigarten.ch\/cms\/wp-json\/wp\/v2\/pages\/188"}],"collection":[{"href":"https:\/\/www.wildigarten.ch\/cms\/wp-json\/wp\/v2\/pages"}],"about":[{"href":"https:\/\/www.wildigarten.ch\/cms\/wp-json\/wp\/v2\/types\/page"}],"author":[{"embeddable":true,"href":"https:\/\/www.wildigarten.ch\/cms\/wp-json\/wp\/v2\/users\/1"}],"replies":[{"embeddable":true,"href":"https:\/\/www.wildigarten.ch\/cms\/wp-json\/wp\/v2\/comments?post=188"}],"version-history":[{"count":14,"href":"https:\/\/www.wildigarten.ch\/cms\/wp-json\/wp\/v2\/pages\/188\/revisions"}],"predecessor-version":[{"id":1049,"href":"https:\/\/www.wildigarten.ch\/cms\/wp-json\/wp\/v2\/pages\/188\/revisions\/1049"}],"wp:featuredmedia":[{"embeddable":true,"href":"https:\/\/www.wildigarten.ch\/cms\/wp-json\/wp\/v2\/media\/882"}],"wp:attachment":[{"href":"https:\/\/www.wildigarten.ch\/cms\/wp-json\/wp\/v2\/media?parent=188"}],"curies":[{"name":"wp","href":"https:\/\/api.w.org\/{rel}","templated":true}]}}