{"id":182,"date":"2017-12-28T12:11:09","date_gmt":"2017-12-28T12:11:09","guid":{"rendered":"http:\/\/www.wildigarten.ch\/cms\/?page_id=182"},"modified":"2018-02-06T10:06:37","modified_gmt":"2018-02-06T10:06:37","slug":"bewaesserung","status":"publish","type":"page","link":"https:\/\/www.wildigarten.ch\/cms\/bewaesserung\/","title":{"rendered":"Bew\u00e4sserung"},"content":{"rendered":"<p class=\"p1\"><span class=\"s1\">Keine vertrockneten Pflanzen mehr!\u00a0<\/span><span class=\"s1\">Eine automatische Bew\u00e4sserung \u00fcbernimmt nicht nur Ihre regelm\u00e4ssigen Wassergaben, sondern vertritt Sie auch w\u00e4hrend Ihrer Abwesenheit.\u00a0<\/span><span class=\"s1\">Gerade Terrassenbepflanzungen und Pflanzengef\u00e4sse rund ums Haus trocknen im Sommer schnell aus.\u00a0<\/span><span class=\"s1\">Geniessen Sie mehr Freizeit, Ihre Pflanzen werden bew\u00e4ssert.\u00a0<\/span><span class=\"s1\">Kontaktieren Sie uns f\u00fcr Ihre individuelle Beratung vor Ort. <\/span><\/p>\n<p class=\"p1\"><span class=\"s1\">Beispiel: Tr\u00f6pfchenbew\u00e4sserung<\/span><\/p>\n","protected":false},"excerpt":{"rendered":"<p>Keine vertrockneten Pflanzen mehr!\u00a0Eine automatische Bew\u00e4sserung \u00fcbernimmt nicht nur Ihre regelm\u00e4ssigen Wassergaben, sondern vertritt Sie auch w\u00e4hrend Ihrer Abwesenheit.\u00a0Gerade Terrassenbepflanzungen und Pflanzengef\u00e4sse rund ums Haus trocknen im Sommer schnell aus.\u00a0Geniessen Sie mehr Freizeit, Ihre Pflanzen werden bew\u00e4ssert.\u00a0Kontaktieren Sie uns f\u00fcr Ihre individuelle Beratung vor Ort. Beispiel: Tr\u00f6pfchenbew\u00e4sserung<\/p>\n","protected":false},"author":1,"featured_media":405,"parent":0,"menu_order":0,"comment_status":"closed","ping_status":"closed","template":"","meta":{"footnotes":""},"_links":{"self":[{"href":"https:\/\/www.wildigarten.ch\/cms\/wp-json\/wp\/v2\/pages\/182"}],"collection":[{"href":"https:\/\/www.wildigarten.ch\/cms\/wp-json\/wp\/v2\/pages"}],"about":[{"href":"https:\/\/www.wildigarten.ch\/cms\/wp-json\/wp\/v2\/types\/page"}],"author":[{"embeddable":true,"href":"https:\/\/www.wildigarten.ch\/cms\/wp-json\/wp\/v2\/users\/1"}],"replies":[{"embeddable":true,"href":"https:\/\/www.wildigarten.ch\/cms\/wp-json\/wp\/v2\/comments?post=182"}],"version-history":[{"count":3,"href":"https:\/\/www.wildigarten.ch\/cms\/wp-json\/wp\/v2\/pages\/182\/revisions"}],"predecessor-version":[{"id":404,"href":"https:\/\/www.wildigarten.ch\/cms\/wp-json\/wp\/v2\/pages\/182\/revisions\/404"}],"wp:featuredmedia":[{"embeddable":true,"href":"https:\/\/www.wildigarten.ch\/cms\/wp-json\/wp\/v2\/media\/405"}],"wp:attachment":[{"href":"https:\/\/www.wildigarten.ch\/cms\/wp-json\/wp\/v2\/media?parent=182"}],"curies":[{"name":"wp","href":"https:\/\/api.w.org\/{rel}","templated":true}]}}