{"id":180,"date":"2017-12-28T12:10:49","date_gmt":"2017-12-28T12:10:49","guid":{"rendered":"http:\/\/www.wildigarten.ch\/cms\/?page_id=180"},"modified":"2019-05-28T08:02:04","modified_gmt":"2019-05-28T08:02:04","slug":"pflanzentraeume","status":"publish","type":"page","link":"https:\/\/www.wildigarten.ch\/cms\/pflanzentraeume\/","title":{"rendered":"Pflanzentr\u00e4ume"},"content":{"rendered":"<h2 style=\"text-align: center;\"><span style=\"color: #000000;\"><strong>Pflanzen beleben G\u00e4rten, individuell wie Sie<\/strong><\/span><\/h2>\n<p>Mit D\u00fcften, Farben und Formen Akzente setzen.&nbsp; Eine standort- und bed\u00fcrfnisgerechte Bepflanzung bereitet l\u00e4nger Freude und die Pflanzen kommen in Form und Farbe optimal zur Geltung.\u2028 Gerne beraten wir Sie bei der Auswahl Ihrer Gartenpflanzen und gehen auf Ihre individuellen Bed\u00fcrfnisse ein.<\/p>\n<div class=\"tempo-gallery tempo-gallery-colls-3\"><figure class=\"tempo-gallery-item\"><div class=\"tempo-gallery-thumbnail\"><picture><source media=\"(min-width: 1690px)\"\tsrcset=\"https:\/\/www.wildigarten.ch\/cms\/wp-content\/uploads\/2018\/09\/ahorn_gross-420x240.jpg\"><source media=\"(min-width: 481px)\"\t\tsrcset=\"https:\/\/www.wildigarten.ch\/cms\/wp-content\/uploads\/2018\/09\/ahorn_gross-315x180.jpg\"><source media=\"(min-width: 316px)\"\t\tsrcset=\"https:\/\/www.wildigarten.ch\/cms\/wp-content\/uploads\/2018\/09\/ahorn_gross-420x240.jpg\"><source media=\"(min-width: 1px)\"\t\tsrcset=\"https:\/\/www.wildigarten.ch\/cms\/wp-content\/uploads\/2018\/09\/ahorn_gross-315x180.jpg\"><img decoding=\"async\" src=\"https:\/\/www.wildigarten.ch\/cms\/wp-content\/uploads\/2018\/09\/ahorn_gross-420x240.jpg\" alt=\"Ahorn rotbl\u00e4ttrig\"\/><\/picture><\/div><figcaption><div class=\"tempo-gallery-content\"><div class=\"tempo-gallery-title\">Ahorn rotbl\u00e4ttrig<\/div><\/div><\/figcaption><\/figure><figure class=\"tempo-gallery-item\"><div class=\"tempo-gallery-thumbnail\"><picture><source media=\"(min-width: 1690px)\"\tsrcset=\"https:\/\/www.wildigarten.ch\/cms\/wp-content\/uploads\/2018\/02\/DSC02994-Kopie-2-420x240.jpg\"><source media=\"(min-width: 481px)\"\t\tsrcset=\"https:\/\/www.wildigarten.ch\/cms\/wp-content\/uploads\/2018\/02\/DSC02994-Kopie-2-315x180.jpg\"><source media=\"(min-width: 316px)\"\t\tsrcset=\"https:\/\/www.wildigarten.ch\/cms\/wp-content\/uploads\/2018\/02\/DSC02994-Kopie-2-420x240.jpg\"><source media=\"(min-width: 1px)\"\t\tsrcset=\"https:\/\/www.wildigarten.ch\/cms\/wp-content\/uploads\/2018\/02\/DSC02994-Kopie-2-315x180.jpg\"><img decoding=\"async\" src=\"https:\/\/www.wildigarten.ch\/cms\/wp-content\/uploads\/2018\/02\/DSC02994-Kopie-2-420x240.jpg\" alt=\"Rhododendronbl\u00fcte\"\/><\/picture><\/div><figcaption><div class=\"tempo-gallery-content\"><div class=\"tempo-gallery-title\">Rhododendronbl\u00fcte<\/div><\/div><\/figcaption><\/figure><figure class=\"tempo-gallery-item\"><div class=\"tempo-gallery-thumbnail\"><picture><source media=\"(min-width: 1690px)\"\tsrcset=\"https:\/\/www.wildigarten.ch\/cms\/wp-content\/uploads\/2018\/02\/magnolia-420x240.jpg\"><source media=\"(min-width: 481px)\"\t\tsrcset=\"https:\/\/www.wildigarten.ch\/cms\/wp-content\/uploads\/2018\/02\/magnolia-315x180.jpg\"><source media=\"(min-width: 316px)\"\t\tsrcset=\"https:\/\/www.wildigarten.ch\/cms\/wp-content\/uploads\/2018\/02\/magnolia-420x240.jpg\"><source media=\"(min-width: 1px)\"\t\tsrcset=\"https:\/\/www.wildigarten.ch\/cms\/wp-content\/uploads\/2018\/02\/magnolia-315x180.jpg\"><img decoding=\"async\" src=\"https:\/\/www.wildigarten.ch\/cms\/wp-content\/uploads\/2018\/02\/magnolia-420x240.jpg\" alt=\"Sternmagnolie\"\/><\/picture><\/div><figcaption><div class=\"tempo-gallery-content\"><div class=\"tempo-gallery-title\">Sternmagnolie<\/div><\/div><\/figcaption><\/figure><figure class=\"tempo-gallery-item\"><div class=\"tempo-gallery-thumbnail\"><picture><source media=\"(min-width: 1690px)\"\tsrcset=\"https:\/\/www.wildigarten.ch\/cms\/wp-content\/uploads\/2018\/02\/DSC03873_bepflanzungen_cut-420x240.jpg\"><source media=\"(min-width: 481px)\"\t\tsrcset=\"https:\/\/www.wildigarten.ch\/cms\/wp-content\/uploads\/2018\/02\/DSC03873_bepflanzungen_cut-315x180.jpg\"><source media=\"(min-width: 316px)\"\t\tsrcset=\"https:\/\/www.wildigarten.ch\/cms\/wp-content\/uploads\/2018\/02\/DSC03873_bepflanzungen_cut-420x240.jpg\"><source media=\"(min-width: 1px)\"\t\tsrcset=\"https:\/\/www.wildigarten.ch\/cms\/wp-content\/uploads\/2018\/02\/DSC03873_bepflanzungen_cut-315x180.jpg\"><img decoding=\"async\" src=\"https:\/\/www.wildigarten.ch\/cms\/wp-content\/uploads\/2018\/02\/DSC03873_bepflanzungen_cut-420x240.jpg\" alt=\"Pflegeleichte Bepflanzung\"\/><\/picture><\/div><figcaption><div class=\"tempo-gallery-content\"><div class=\"tempo-gallery-title\">Pflegeleichte Bepflanzung<\/div><\/div><\/figcaption><\/figure><figure class=\"tempo-gallery-item\"><div class=\"tempo-gallery-thumbnail\"><picture><source media=\"(min-width: 1690px)\"\tsrcset=\"https:\/\/www.wildigarten.ch\/cms\/wp-content\/uploads\/2018\/09\/sommerflor_2-420x240.jpg\"><source media=\"(min-width: 481px)\"\t\tsrcset=\"https:\/\/www.wildigarten.ch\/cms\/wp-content\/uploads\/2018\/09\/sommerflor_2-315x180.jpg\"><source media=\"(min-width: 316px)\"\t\tsrcset=\"https:\/\/www.wildigarten.ch\/cms\/wp-content\/uploads\/2018\/09\/sommerflor_2-420x240.jpg\"><source media=\"(min-width: 1px)\"\t\tsrcset=\"https:\/\/www.wildigarten.ch\/cms\/wp-content\/uploads\/2018\/09\/sommerflor_2-315x180.jpg\"><img decoding=\"async\" src=\"https:\/\/www.wildigarten.ch\/cms\/wp-content\/uploads\/2018\/09\/sommerflor_2-420x240.jpg\" alt=\"Sommerblumen\"\/><\/picture><\/div><figcaption><div class=\"tempo-gallery-content\"><div class=\"tempo-gallery-title\">Sommerblumen<\/div><\/div><\/figcaption><\/figure><figure class=\"tempo-gallery-item\"><div class=\"tempo-gallery-thumbnail\"><picture><source media=\"(min-width: 1690px)\"\tsrcset=\"https:\/\/www.wildigarten.ch\/cms\/wp-content\/uploads\/2018\/02\/DSC03569_terrassengarten-420x240.jpg\"><source media=\"(min-width: 481px)\"\t\tsrcset=\"https:\/\/www.wildigarten.ch\/cms\/wp-content\/uploads\/2018\/02\/DSC03569_terrassengarten-315x180.jpg\"><source media=\"(min-width: 316px)\"\t\tsrcset=\"https:\/\/www.wildigarten.ch\/cms\/wp-content\/uploads\/2018\/02\/DSC03569_terrassengarten-420x240.jpg\"><source media=\"(min-width: 1px)\"\t\tsrcset=\"https:\/\/www.wildigarten.ch\/cms\/wp-content\/uploads\/2018\/02\/DSC03569_terrassengarten-315x180.jpg\"><img decoding=\"async\" src=\"https:\/\/www.wildigarten.ch\/cms\/wp-content\/uploads\/2018\/02\/DSC03569_terrassengarten-420x240.jpg\" alt=\"Formgeh\u00f6lz\"\/><\/picture><\/div><figcaption><div class=\"tempo-gallery-content\"><div class=\"tempo-gallery-title\">Formgeh\u00f6lz<\/div><\/div><\/figcaption><\/figure><figure class=\"tempo-gallery-item\"><div class=\"tempo-gallery-thumbnail\"><picture><source media=\"(min-width: 1690px)\"\tsrcset=\"https:\/\/www.wildigarten.ch\/cms\/wp-content\/uploads\/2018\/09\/parrotia_terasse_1-420x240.jpg\"><source media=\"(min-width: 481px)\"\t\tsrcset=\"https:\/\/www.wildigarten.ch\/cms\/wp-content\/uploads\/2018\/09\/parrotia_terasse_1-315x180.jpg\"><source media=\"(min-width: 316px)\"\t\tsrcset=\"https:\/\/www.wildigarten.ch\/cms\/wp-content\/uploads\/2018\/09\/parrotia_terasse_1-420x240.jpg\"><source media=\"(min-width: 1px)\"\t\tsrcset=\"https:\/\/www.wildigarten.ch\/cms\/wp-content\/uploads\/2018\/09\/parrotia_terasse_1-315x180.jpg\"><img decoding=\"async\" src=\"https:\/\/www.wildigarten.ch\/cms\/wp-content\/uploads\/2018\/09\/parrotia_terasse_1-420x240.jpg\" alt=\"Formgeh\u00f6lz Persische Buche\"\/><\/picture><\/div><figcaption><div class=\"tempo-gallery-content\"><div class=\"tempo-gallery-title\">Formgeh\u00f6lz Persische Buche<\/div><\/div><\/figcaption><\/figure><figure class=\"tempo-gallery-item\"><div class=\"tempo-gallery-thumbnail\"><picture><source media=\"(min-width: 1690px)\"\tsrcset=\"https:\/\/www.wildigarten.ch\/cms\/wp-content\/uploads\/2018\/02\/DSC04360_gartentisch_web-420x240.jpg\"><source media=\"(min-width: 481px)\"\t\tsrcset=\"https:\/\/www.wildigarten.ch\/cms\/wp-content\/uploads\/2018\/02\/DSC04360_gartentisch_web-315x180.jpg\"><source media=\"(min-width: 316px)\"\t\tsrcset=\"https:\/\/www.wildigarten.ch\/cms\/wp-content\/uploads\/2018\/02\/DSC04360_gartentisch_web-420x240.jpg\"><source media=\"(min-width: 1px)\"\t\tsrcset=\"https:\/\/www.wildigarten.ch\/cms\/wp-content\/uploads\/2018\/02\/DSC04360_gartentisch_web-315x180.jpg\"><img decoding=\"async\" src=\"https:\/\/www.wildigarten.ch\/cms\/wp-content\/uploads\/2018\/02\/DSC04360_gartentisch_web-420x240.jpg\" alt=\"Lauschiges Pl\u00e4tzchen\"\/><\/picture><\/div><figcaption><div class=\"tempo-gallery-content\"><div class=\"tempo-gallery-title\">Lauschiges Pl\u00e4tzchen<\/div><\/div><\/figcaption><\/figure><figure class=\"tempo-gallery-item\"><div class=\"tempo-gallery-thumbnail\"><picture><source media=\"(min-width: 1690px)\"\tsrcset=\"https:\/\/www.wildigarten.ch\/cms\/wp-content\/uploads\/2018\/09\/flieder-420x240.jpg\"><source media=\"(min-width: 481px)\"\t\tsrcset=\"https:\/\/www.wildigarten.ch\/cms\/wp-content\/uploads\/2018\/09\/flieder-315x180.jpg\"><source media=\"(min-width: 316px)\"\t\tsrcset=\"https:\/\/www.wildigarten.ch\/cms\/wp-content\/uploads\/2018\/09\/flieder-420x240.jpg\"><source media=\"(min-width: 1px)\"\t\tsrcset=\"https:\/\/www.wildigarten.ch\/cms\/wp-content\/uploads\/2018\/09\/flieder-315x180.jpg\"><img decoding=\"async\" src=\"https:\/\/www.wildigarten.ch\/cms\/wp-content\/uploads\/2018\/09\/flieder-420x240.jpg\" alt=\"Flieder\"\/><\/picture><\/div><figcaption><div class=\"tempo-gallery-content\"><div class=\"tempo-gallery-title\">Flieder<\/div><\/div><\/figcaption><\/figure><figure class=\"tempo-gallery-item\"><div class=\"tempo-gallery-thumbnail\"><picture><source media=\"(min-width: 1690px)\"\tsrcset=\"https:\/\/www.wildigarten.ch\/cms\/wp-content\/uploads\/2018\/09\/pflege_sitzplatz-420x240.jpg\"><source media=\"(min-width: 481px)\"\t\tsrcset=\"https:\/\/www.wildigarten.ch\/cms\/wp-content\/uploads\/2018\/09\/pflege_sitzplatz-315x180.jpg\"><source media=\"(min-width: 316px)\"\t\tsrcset=\"https:\/\/www.wildigarten.ch\/cms\/wp-content\/uploads\/2018\/09\/pflege_sitzplatz-420x240.jpg\"><source media=\"(min-width: 1px)\"\t\tsrcset=\"https:\/\/www.wildigarten.ch\/cms\/wp-content\/uploads\/2018\/09\/pflege_sitzplatz-315x180.jpg\"><img decoding=\"async\" src=\"https:\/\/www.wildigarten.ch\/cms\/wp-content\/uploads\/2018\/09\/pflege_sitzplatz-420x240.jpg\" alt=\"Sanierter Sitzplatz\"\/><\/picture><\/div><figcaption><div class=\"tempo-gallery-content\"><div class=\"tempo-gallery-title\">Sanierter Sitzplatz<\/div><\/div><\/figcaption><\/figure><figure class=\"tempo-gallery-item\"><div class=\"tempo-gallery-thumbnail\"><picture><source media=\"(min-width: 1690px)\"\tsrcset=\"https:\/\/www.wildigarten.ch\/cms\/wp-content\/uploads\/2018\/05\/page_ansee-420x240.jpg\"><source media=\"(min-width: 481px)\"\t\tsrcset=\"https:\/\/www.wildigarten.ch\/cms\/wp-content\/uploads\/2018\/05\/page_ansee-315x180.jpg\"><source media=\"(min-width: 316px)\"\t\tsrcset=\"https:\/\/www.wildigarten.ch\/cms\/wp-content\/uploads\/2018\/05\/page_ansee-420x240.jpg\"><source media=\"(min-width: 1px)\"\t\tsrcset=\"https:\/\/www.wildigarten.ch\/cms\/wp-content\/uploads\/2018\/05\/page_ansee-315x180.jpg\"><img decoding=\"async\" src=\"https:\/\/www.wildigarten.ch\/cms\/wp-content\/uploads\/2018\/05\/page_ansee-420x240.jpg\" alt=\"Pflanzengruppe\"\/><\/picture><\/div><figcaption><div class=\"tempo-gallery-content\"><div class=\"tempo-gallery-title\">Pflanzengruppe<\/div><\/div><\/figcaption><\/figure><figure class=\"tempo-gallery-item\"><div class=\"tempo-gallery-thumbnail\"><picture><source media=\"(min-width: 1690px)\"\tsrcset=\"https:\/\/www.wildigarten.ch\/cms\/wp-content\/uploads\/2018\/09\/glyzinie_weiss-420x240.jpg\"><source media=\"(min-width: 481px)\"\t\tsrcset=\"https:\/\/www.wildigarten.ch\/cms\/wp-content\/uploads\/2018\/09\/glyzinie_weiss-315x180.jpg\"><source media=\"(min-width: 316px)\"\t\tsrcset=\"https:\/\/www.wildigarten.ch\/cms\/wp-content\/uploads\/2018\/09\/glyzinie_weiss-420x240.jpg\"><source media=\"(min-width: 1px)\"\t\tsrcset=\"https:\/\/www.wildigarten.ch\/cms\/wp-content\/uploads\/2018\/09\/glyzinie_weiss-315x180.jpg\"><img decoding=\"async\" src=\"https:\/\/www.wildigarten.ch\/cms\/wp-content\/uploads\/2018\/09\/glyzinie_weiss-420x240.jpg\" alt=\"Glyzine weiss\"\/><\/picture><\/div><figcaption><div class=\"tempo-gallery-content\"><div class=\"tempo-gallery-title\">Glyzine weiss<\/div><\/div><\/figcaption><\/figure><figure class=\"tempo-gallery-item\"><div class=\"tempo-gallery-thumbnail\"><picture><source media=\"(min-width: 1690px)\"\tsrcset=\"https:\/\/www.wildigarten.ch\/cms\/wp-content\/uploads\/2018\/05\/Wildtulpen-420x240.jpg\"><source media=\"(min-width: 481px)\"\t\tsrcset=\"https:\/\/www.wildigarten.ch\/cms\/wp-content\/uploads\/2018\/05\/Wildtulpen-315x180.jpg\"><source media=\"(min-width: 316px)\"\t\tsrcset=\"https:\/\/www.wildigarten.ch\/cms\/wp-content\/uploads\/2018\/05\/Wildtulpen-420x240.jpg\"><source media=\"(min-width: 1px)\"\t\tsrcset=\"https:\/\/www.wildigarten.ch\/cms\/wp-content\/uploads\/2018\/05\/Wildtulpen-315x180.jpg\"><img decoding=\"async\" src=\"https:\/\/www.wildigarten.ch\/cms\/wp-content\/uploads\/2018\/05\/Wildtulpen-420x240.jpg\" alt=\"Wildtulpen\"\/><\/picture><\/div><figcaption><div class=\"tempo-gallery-content\"><div class=\"tempo-gallery-title\">Wildtulpen<\/div><\/div><\/figcaption><\/figure><figure class=\"tempo-gallery-item\"><div class=\"tempo-gallery-thumbnail\"><picture><source media=\"(min-width: 1690px)\"\tsrcset=\"https:\/\/www.wildigarten.ch\/cms\/wp-content\/uploads\/2018\/05\/page_aubrieta-420x240.jpg\"><source media=\"(min-width: 481px)\"\t\tsrcset=\"https:\/\/www.wildigarten.ch\/cms\/wp-content\/uploads\/2018\/05\/page_aubrieta-315x180.jpg\"><source media=\"(min-width: 316px)\"\t\tsrcset=\"https:\/\/www.wildigarten.ch\/cms\/wp-content\/uploads\/2018\/05\/page_aubrieta-420x240.jpg\"><source media=\"(min-width: 1px)\"\t\tsrcset=\"https:\/\/www.wildigarten.ch\/cms\/wp-content\/uploads\/2018\/05\/page_aubrieta-315x180.jpg\"><img decoding=\"async\" src=\"https:\/\/www.wildigarten.ch\/cms\/wp-content\/uploads\/2018\/05\/page_aubrieta-420x240.jpg\" alt=\"Polsterpflanze\"\/><\/picture><\/div><figcaption><div class=\"tempo-gallery-content\"><div class=\"tempo-gallery-title\">Polsterpflanze<\/div><\/div><\/figcaption><\/figure><figure class=\"tempo-gallery-item\"><div class=\"tempo-gallery-thumbnail\"><picture><source media=\"(min-width: 1690px)\"\tsrcset=\"https:\/\/www.wildigarten.ch\/cms\/wp-content\/uploads\/2018\/02\/DSC03576_bepflanzungen2-420x240.jpg\"><source media=\"(min-width: 481px)\"\t\tsrcset=\"https:\/\/www.wildigarten.ch\/cms\/wp-content\/uploads\/2018\/02\/DSC03576_bepflanzungen2-315x180.jpg\"><source media=\"(min-width: 316px)\"\t\tsrcset=\"https:\/\/www.wildigarten.ch\/cms\/wp-content\/uploads\/2018\/02\/DSC03576_bepflanzungen2-420x240.jpg\"><source media=\"(min-width: 1px)\"\t\tsrcset=\"https:\/\/www.wildigarten.ch\/cms\/wp-content\/uploads\/2018\/02\/DSC03576_bepflanzungen2-315x180.jpg\"><img decoding=\"async\" src=\"https:\/\/www.wildigarten.ch\/cms\/wp-content\/uploads\/2018\/02\/DSC03576_bepflanzungen2-420x240.jpg\" alt=\"Terrassengarten\"\/><\/picture><\/div><figcaption><div class=\"tempo-gallery-content\"><div class=\"tempo-gallery-title\">Terrassengarten<\/div><\/div><\/figcaption><\/figure><figure class=\"tempo-gallery-item\"><div class=\"tempo-gallery-thumbnail\"><picture><source media=\"(min-width: 1690px)\"\tsrcset=\"https:\/\/www.wildigarten.ch\/cms\/wp-content\/uploads\/2018\/09\/ahorn_terasse-e1536048784372-420x240.jpg\"><source media=\"(min-width: 481px)\"\t\tsrcset=\"https:\/\/www.wildigarten.ch\/cms\/wp-content\/uploads\/2018\/09\/ahorn_terasse-e1536048784372-315x180.jpg\"><source media=\"(min-width: 316px)\"\t\tsrcset=\"https:\/\/www.wildigarten.ch\/cms\/wp-content\/uploads\/2018\/09\/ahorn_terasse-e1536048784372-420x240.jpg\"><source media=\"(min-width: 1px)\"\t\tsrcset=\"https:\/\/www.wildigarten.ch\/cms\/wp-content\/uploads\/2018\/09\/ahorn_terasse-e1536048784372-315x180.jpg\"><img decoding=\"async\" src=\"https:\/\/www.wildigarten.ch\/cms\/wp-content\/uploads\/2018\/09\/ahorn_terasse-e1536048784372-420x240.jpg\" alt=\"F\u00e4cherahorn\"\/><\/picture><\/div><figcaption><div class=\"tempo-gallery-content\"><div class=\"tempo-gallery-title\">F\u00e4cherahorn<\/div><\/div><\/figcaption><\/figure><figure class=\"tempo-gallery-item\"><div class=\"tempo-gallery-thumbnail\"><picture><source media=\"(min-width: 1690px)\"\tsrcset=\"https:\/\/www.wildigarten.ch\/cms\/wp-content\/uploads\/2018\/09\/cornus-420x240.jpg\"><source media=\"(min-width: 481px)\"\t\tsrcset=\"https:\/\/www.wildigarten.ch\/cms\/wp-content\/uploads\/2018\/09\/cornus-315x180.jpg\"><source media=\"(min-width: 316px)\"\t\tsrcset=\"https:\/\/www.wildigarten.ch\/cms\/wp-content\/uploads\/2018\/09\/cornus-420x240.jpg\"><source media=\"(min-width: 1px)\"\t\tsrcset=\"https:\/\/www.wildigarten.ch\/cms\/wp-content\/uploads\/2018\/09\/cornus-315x180.jpg\"><img decoding=\"async\" src=\"https:\/\/www.wildigarten.ch\/cms\/wp-content\/uploads\/2018\/09\/cornus-420x240.jpg\" alt=\"Schneeball\"\/><\/picture><\/div><figcaption><div class=\"tempo-gallery-content\"><div class=\"tempo-gallery-title\">Schneeball<\/div><\/div><\/figcaption><\/figure><figure class=\"tempo-gallery-item\"><div class=\"tempo-gallery-thumbnail\"><picture><source media=\"(min-width: 1690px)\"\tsrcset=\"https:\/\/www.wildigarten.ch\/cms\/wp-content\/uploads\/2018\/09\/parrotia_terasse-420x240.jpg\"><source media=\"(min-width: 481px)\"\t\tsrcset=\"https:\/\/www.wildigarten.ch\/cms\/wp-content\/uploads\/2018\/09\/parrotia_terasse-315x180.jpg\"><source media=\"(min-width: 316px)\"\t\tsrcset=\"https:\/\/www.wildigarten.ch\/cms\/wp-content\/uploads\/2018\/09\/parrotia_terasse-420x240.jpg\"><source media=\"(min-width: 1px)\"\t\tsrcset=\"https:\/\/www.wildigarten.ch\/cms\/wp-content\/uploads\/2018\/09\/parrotia_terasse-315x180.jpg\"><img decoding=\"async\" src=\"https:\/\/www.wildigarten.ch\/cms\/wp-content\/uploads\/2018\/09\/parrotia_terasse-420x240.jpg\" alt=\"Persische Buche\"\/><\/picture><\/div><figcaption><div class=\"tempo-gallery-content\"><div class=\"tempo-gallery-title\">Persische Buche<\/div><\/div><\/figcaption><\/figure><div class=\"clearfix clear\"><\/div><\/div>\n","protected":false},"excerpt":{"rendered":"<p>Pflanzen beleben G\u00e4rten, individuell wie Sie Mit D\u00fcften, Farben und Formen Akzente setzen.&nbsp; Eine standort- und bed\u00fcrfnisgerechte Bepflanzung bereitet l\u00e4nger Freude und die Pflanzen kommen in Form und Farbe optimal zur Geltung.\u2028 Gerne beraten wir Sie bei der Auswahl Ihrer Gartenpflanzen und gehen auf Ihre individuellen Bed\u00fcrfnisse ein.<\/p>\n","protected":false},"author":1,"featured_media":695,"parent":0,"menu_order":0,"comment_status":"closed","ping_status":"closed","template":"","meta":{"footnotes":""},"_links":{"self":[{"href":"https:\/\/www.wildigarten.ch\/cms\/wp-json\/wp\/v2\/pages\/180"}],"collection":[{"href":"https:\/\/www.wildigarten.ch\/cms\/wp-json\/wp\/v2\/pages"}],"about":[{"href":"https:\/\/www.wildigarten.ch\/cms\/wp-json\/wp\/v2\/types\/page"}],"author":[{"embeddable":true,"href":"https:\/\/www.wildigarten.ch\/cms\/wp-json\/wp\/v2\/users\/1"}],"replies":[{"embeddable":true,"href":"https:\/\/www.wildigarten.ch\/cms\/wp-json\/wp\/v2\/comments?post=180"}],"version-history":[{"count":14,"href":"https:\/\/www.wildigarten.ch\/cms\/wp-json\/wp\/v2\/pages\/180\/revisions"}],"predecessor-version":[{"id":833,"href":"https:\/\/www.wildigarten.ch\/cms\/wp-json\/wp\/v2\/pages\/180\/revisions\/833"}],"wp:featuredmedia":[{"embeddable":true,"href":"https:\/\/www.wildigarten.ch\/cms\/wp-json\/wp\/v2\/media\/695"}],"wp:attachment":[{"href":"https:\/\/www.wildigarten.ch\/cms\/wp-json\/wp\/v2\/media?parent=180"}],"curies":[{"name":"wp","href":"https:\/\/api.w.org\/{rel}","templated":true}]}}