{"id":141,"date":"2017-12-21T22:08:30","date_gmt":"2017-12-21T22:08:30","guid":{"rendered":"http:\/\/www.wildigarten.ch\/cms\/?page_id=141"},"modified":"2025-09-28T14:59:01","modified_gmt":"2025-09-28T14:59:01","slug":"startseite-2","status":"publish","type":"page","link":"https:\/\/www.wildigarten.ch\/cms\/","title":{"rendered":"Startseite"},"content":{"rendered":"<h2 style=\"text-align: center;\"><strong>Ein motiviertes G\u00e4rtner-Team<\/strong><\/h2>\n<p class=\"p1\"><span class=\"s1\">Unser auf die liebevolle und kompetente Pflege und Gestaltung von Privatg\u00e4rten und Gr\u00fcnanlagen spezialisiertes Team ist seit 2008 engagiert und mit Leidenschaft im Einsatz.\u00a0Fachgerechte Gartenpflege und Umsetzung individueller Kundenw\u00fcnsche machen uns zum idealen und zuverl\u00e4ssigen Partner rund um Ihr Gr\u00fcn f\u00fcr das gesamte Gartenjahr.<\/span><\/p>\n","protected":false},"excerpt":{"rendered":"<p>Ein motiviertes G\u00e4rtner-Team Unser auf die liebevolle und kompetente Pflege und Gestaltung von Privatg\u00e4rten und Gr\u00fcnanlagen spezialisiertes Team ist seit 2008 engagiert und mit Leidenschaft im Einsatz.\u00a0Fachgerechte Gartenpflege und Umsetzung individueller Kundenw\u00fcnsche machen uns zum idealen und zuverl\u00e4ssigen Partner rund um Ihr Gr\u00fcn f\u00fcr das gesamte Gartenjahr.<\/p>\n","protected":false},"author":1,"featured_media":882,"parent":0,"menu_order":0,"comment_status":"closed","ping_status":"closed","template":"","meta":{"footnotes":""},"_links":{"self":[{"href":"https:\/\/www.wildigarten.ch\/cms\/wp-json\/wp\/v2\/pages\/141"}],"collection":[{"href":"https:\/\/www.wildigarten.ch\/cms\/wp-json\/wp\/v2\/pages"}],"about":[{"href":"https:\/\/www.wildigarten.ch\/cms\/wp-json\/wp\/v2\/types\/page"}],"author":[{"embeddable":true,"href":"https:\/\/www.wildigarten.ch\/cms\/wp-json\/wp\/v2\/users\/1"}],"replies":[{"embeddable":true,"href":"https:\/\/www.wildigarten.ch\/cms\/wp-json\/wp\/v2\/comments?post=141"}],"version-history":[{"count":8,"href":"https:\/\/www.wildigarten.ch\/cms\/wp-json\/wp\/v2\/pages\/141\/revisions"}],"predecessor-version":[{"id":779,"href":"https:\/\/www.wildigarten.ch\/cms\/wp-json\/wp\/v2\/pages\/141\/revisions\/779"}],"wp:featuredmedia":[{"embeddable":true,"href":"https:\/\/www.wildigarten.ch\/cms\/wp-json\/wp\/v2\/media\/882"}],"wp:attachment":[{"href":"https:\/\/www.wildigarten.ch\/cms\/wp-json\/wp\/v2\/media?parent=141"}],"curies":[{"name":"wp","href":"https:\/\/api.w.org\/{rel}","templated":true}]}}